{"id":2,"date":"2020-07-22T07:42:57","date_gmt":"2020-07-22T07:42:57","guid":{"rendered":"http:\/\/www.univers-du-cirque.com\/?page_id=2"},"modified":"2020-07-22T09:25:51","modified_gmt":"2020-07-22T09:25:51","slug":"sample-page","status":"publish","type":"page","link":"https:\/\/www.univers-du-cirque.com\/","title":{"rendered":"Univers du Cirque"},"content":{"rendered":"\n<p>Les cirques les plus c\u00e9l\u00e8bres du monde :<\/p>\n\n\n\n<h2 class=\"wp-block-heading\">Circus Vargas<\/h2>\n\n\n\n<p>Circus Vargas est un cirque aux \u00c9tats-Unis.  Il a \u00e9t\u00e9 fond\u00e9 au milieu des ann\u00e9es 60 par Clifford E Vargas et est aujourd&rsquo;hui l&rsquo;un des rares cirques \u00e0 se produire sous chapiteau (appel\u00e9 \u00ab\u00a0big top\u00a0\u00bb).<\/p>\n\n\n\n<h2 class=\"wp-block-heading\">Cirque du Soleil<\/h2>\n\n\n\n<p>Le Cirque du Soleil est un cirque contemporain (\u00ab\u00a0nouveau cirque\u00a0\u00bb) du Canada (Montr\u00e9al, Qu\u00e9bec) et est consid\u00e9r\u00e9 comme le plus grand producteur th\u00e9\u00e2tral au monde. Ses spectacles sont constitu\u00e9s de diff\u00e9rents styles de cirque du monde entier.<\/p>\n\n\n\n<h2 class=\"wp-block-heading\">Cirque Medrano<\/h2>\n\n\n\n<p>Le Cirque Medrano est un cirque fran\u00e7ais de Paris. Il a \u00e9t\u00e9 form\u00e9 par la famille Cirque Fernando et la famille de cirque itin\u00e9rant britannique Robert Austen Brothers. Il a d&rsquo;abord \u00e9t\u00e9 le Cirque M\u00e9diterran\u00e9en Robert Austens, puis il est devenu MedRAno.<\/p>\n\n\n\n<h2 class=\"wp-block-heading\">Circus Contraption<\/h2>\n\n\n\n<p>Circus Contraption est une troupe de cirque, de vaudeville et de cabaret noir bas\u00e9e \u00e0 Seattle, Washington. Elle compte une douzaine d&rsquo;artistes, utilise de la musique originale en direct dans ses spectacles et vend sa musique sur CD. Circus Contraption a \u00e9t\u00e9 fond\u00e9 en 1998.<\/p>\n\n\n\n<h2 class=\"wp-block-heading\">Circus Krone<\/h2>\n\n\n\n<p>Circus Krone a \u00e9t\u00e9 fond\u00e9 par Carl Krone en 1905. C&rsquo;est l&rsquo;un des plus grands cirques d&rsquo;Europe et l&rsquo;un des rares \u00e0 disposer de son propre b\u00e2timent qui se trouve \u00e0 Munich, en Allemagne.<\/p>\n\n\n\n<h2 class=\"wp-block-heading\">Circus Oz<\/h2>\n\n\n\n<p>Circus Oz est un cirque contemporain avec des \u00e9l\u00e9ments de rock&rsquo;n&rsquo;roll, de th\u00e9\u00e2tre populaire et de satire de Melbourne, en Australie, fond\u00e9 en 1978. En dehors des spectacles, ils ont \u00e9galement un programme de justice sociale et soutiennent souvent des causes humanitaires.<\/p>\n\n\n\n<h2 class=\"wp-block-heading\">Cirkus Cirk\u00f6r<\/h2>\n\n\n\n<p>Cirkus Cirk\u00f6r est un cirque contemporain fond\u00e9 en 1995 \u00e0 Stockholm, en Su\u00e8de. Il s&rsquo;inspire principalement du vaudeville et des spectacles de vari\u00e9t\u00e9 et se produit dans de petites salles. Ses ar\u00e8nes d&rsquo;origine s&rsquo;appellent \u00ab\u00a0Subtopia\u00a0\u00bb.<\/p>\n\n\n\n<h2 class=\"wp-block-heading\">Circus Redickuless<\/h2>\n\n\n\n<p>Circus Redickuless a \u00e9t\u00e9 cr\u00e9\u00e9 \u00e0 Los Angeles par l&rsquo;impresario punk-rock \u00ab\u00a0Chicken\u00a0\u00bb John Rinaldi et Michael Gump en 1995. Il a tourn\u00e9 pendant quatre ans et a donn\u00e9 des repr\u00e9sentations sans talent comme \u00ab\u00a0Speed Metal tap dance\u00a0\u00bb, \u00ab\u00a0The Talking Mime\u00a0\u00bb, et \u00ab\u00a0Amazing Jarico Reese &#8211; the talentless magician\u00a0\u00bb.<\/p>\n\n\n\n<h2 class=\"wp-block-heading\">Lennon Bros Circus<\/h2>\n\n\n\n<p>Le Lennon Bros Circus est un cirque traditionnel australien fond\u00e9 dans les ann\u00e9es 1890. Ils ont des chats sauvages, un personnel de 35 personnes, 14 camions, 2 semi-remorques, 14 caravanes et ils ont fabriqu\u00e9 leur propre chapiteau.<\/p>\n\n\n\n<h2 class=\"wp-block-heading\">Moscow State Circus<\/h2>\n\n\n\n<p>Le nom de Moscow State Circus est utilis\u00e9 pour une vari\u00e9t\u00e9 de cirques, mais il est surtout utilis\u00e9 pour deux b\u00e2timents \u00e0 Moscou : le \u00ab\u00a0Cirque Nikulin\u00a0\u00bb et le \u00ab\u00a0Bolshoi Circus\u00a0\u00bb.<\/p>\n\n\n\n<h2 class=\"wp-block-heading\">NoFit State Circus<\/h2>\n\n\n\n<p>NoFit State Circus est un cirque contemporain de Cardiff, au Pays de Galles. Ils se produisent, entre autres, dans un chapiteau de vaisseau spatial con\u00e7u sur mesure.<\/p>\n\n\n\n<h2 class=\"wp-block-heading\">Ringling Bros. et Barnum &amp; Bailey Circus<\/h2>\n\n\n\n<p>Ringling Bros. et Barnum &amp; Bailey Circus est un cirque traditionnel am\u00e9ricain fond\u00e9 en 1907. Ils s&rsquo;appellent eux-m\u00eames \u00ab\u00a0Le plus grand spectacle sur terre\u00a0\u00bb. Ils organisent deux tourn\u00e9es en train (chaque train fait un kilom\u00e8tre de long) et une tourn\u00e9e en camion. Ils sont peut-\u00eatre le plus grand spectacle sur Terre.<\/p>\n\n\n\n<h2 class=\"wp-block-heading\">Circuba<\/h2>\n\n\n\n<p>Circuba est le cirque national de Cuba, fond\u00e9 en 1968. Les membres de la compagnie doivent d&rsquo;abord suivre le cursus universitaire normal, puis ils peuvent suivre une formation de quatre ans pour devenir des artisans du cirque.<\/p>\n\n\n\n<h2 class=\"wp-block-heading\">The Flying Fruit Fly Circus<\/h2>\n\n\n\n<p>Le Flying Fruit Fly Circus est un cirque de jeunes australiens fond\u00e9 dans les ann\u00e9es 1970. C&rsquo;est \u00e9galement la seule \u00e9cole de cirque \u00e0 plein temps en Australie et elle propose un programme d&rsquo;\u00e9ducation pour les enfants d&rsquo;\u00e2ges et de niveaux diff\u00e9rents. L&rsquo;\u00e9cole du Flying Fruit Fly Circus a \u00e9t\u00e9 fond\u00e9e en 1987 et est guid\u00e9e par les cadres politiques du minist\u00e8re de l&rsquo;\u00e9ducation de l&rsquo;\u00c9tat de Victoria.<\/p>\n","protected":false},"excerpt":{"rendered":"<p>Les cirques les plus c\u00e9l\u00e8bres du monde : Circus Vargas Circus Vargas est un cirque aux \u00c9tats-Unis. Il a \u00e9t\u00e9 fond\u00e9 au milieu des ann\u00e9es 60 par Clifford E Vargas et est aujourd&rsquo;hui l&rsquo;un des rares cirques \u00e0 se produire sous chapiteau (appel\u00e9 \u00ab\u00a0big top\u00a0\u00bb). Cirque du Soleil Le Cirque du Soleil est un cirque [&hellip;]<\/p>\n","protected":false},"author":1,"featured_media":0,"parent":0,"menu_order":0,"comment_status":"closed","ping_status":"open","template":"","meta":{"footnotes":""},"class_list":["post-2","page","type-page","status-publish","hentry"],"_links":{"self":[{"href":"https:\/\/www.univers-du-cirque.com\/index.php?rest_route=\/wp\/v2\/pages\/2","targetHints":{"allow":["GET"]}}],"collection":[{"href":"https:\/\/www.univers-du-cirque.com\/index.php?rest_route=\/wp\/v2\/pages"}],"about":[{"href":"https:\/\/www.univers-du-cirque.com\/index.php?rest_route=\/wp\/v2\/types\/page"}],"author":[{"embeddable":true,"href":"https:\/\/www.univers-du-cirque.com\/index.php?rest_route=\/wp\/v2\/users\/1"}],"replies":[{"embeddable":true,"href":"https:\/\/www.univers-du-cirque.com\/index.php?rest_route=%2Fwp%2Fv2%2Fcomments&post=2"}],"version-history":[{"count":3,"href":"https:\/\/www.univers-du-cirque.com\/index.php?rest_route=\/wp\/v2\/pages\/2\/revisions"}],"predecessor-version":[{"id":11,"href":"https:\/\/www.univers-du-cirque.com\/index.php?rest_route=\/wp\/v2\/pages\/2\/revisions\/11"}],"wp:attachment":[{"href":"https:\/\/www.univers-du-cirque.com\/index.php?rest_route=%2Fwp%2Fv2%2Fmedia&parent=2"}],"curies":[{"name":"wp","href":"https:\/\/api.w.org\/{rel}","templated":true}]}}